{"id":5,"date":"2007-07-29T14:30:47","date_gmt":"2007-07-29T12:30:47","guid":{"rendered":"https:\/\/goodtimes.netdelight.be\/?page_id=5"},"modified":"2008-11-12T15:19:33","modified_gmt":"2008-11-12T13:19:33","slug":"a-propos","status":"publish","type":"page","link":"https:\/\/goodtimes.netdelight.be\/?page_id=5","title":{"rendered":"A propos&#8230;"},"content":{"rendered":"<p>Les gens me demandent souvent comment j&rsquo;en suis venu \u00e0 conna\u00eetre tel morceau, tel groupe&#8230; ou encore pourquoi j&rsquo;\u00e9coute aussi bien du rock que du hip hop, du jazz ou de la dance.<\/p>\n<p>Je pourrais \u00e9luder la question en r\u00e9pondant que j&rsquo;adore la musique sous toutes ses formes, que j&rsquo;en \u00e9coute partout et tout le temps&#8230; Mais j&rsquo;aimerais aussi vous raconter comment j&rsquo;ai d\u00e9couvert et d\u00e9couvre encore des artistes talentueux.<\/p>\n<p>En esp\u00e9rant que ce \u00ab\u00a0blog\u00a0\u00bb (a\u00efe, le mot est lach\u00e9 !) vous inspirera&#8230;<\/p>\n<p>Manu<\/p>\n","protected":false},"excerpt":{"rendered":"<p>Les gens me demandent souvent comment j&rsquo;en suis venu \u00e0 conna\u00eetre tel morceau, tel groupe&#8230; ou encore pourquoi j&rsquo;\u00e9coute aussi bien du rock que du hip hop, du jazz ou de la dance. Je pourrais \u00e9luder la question en r\u00e9pondant que j&rsquo;adore la musique sous toutes ses formes, que j&rsquo;en \u00e9coute partout et tout le [&hellip;]<\/p>\n","protected":false},"author":5,"featured_media":0,"parent":0,"menu_order":0,"comment_status":"open","ping_status":"open","template":"","meta":{"footnotes":""},"_links":{"self":[{"href":"https:\/\/goodtimes.netdelight.be\/index.php?rest_route=\/wp\/v2\/pages\/5"}],"collection":[{"href":"https:\/\/goodtimes.netdelight.be\/index.php?rest_route=\/wp\/v2\/pages"}],"about":[{"href":"https:\/\/goodtimes.netdelight.be\/index.php?rest_route=\/wp\/v2\/types\/page"}],"author":[{"embeddable":true,"href":"https:\/\/goodtimes.netdelight.be\/index.php?rest_route=\/wp\/v2\/users\/5"}],"replies":[{"embeddable":true,"href":"https:\/\/goodtimes.netdelight.be\/index.php?rest_route=%2Fwp%2Fv2%2Fcomments&post=5"}],"version-history":[{"count":0,"href":"https:\/\/goodtimes.netdelight.be\/index.php?rest_route=\/wp\/v2\/pages\/5\/revisions"}],"wp:attachment":[{"href":"https:\/\/goodtimes.netdelight.be\/index.php?rest_route=%2Fwp%2Fv2%2Fmedia&parent=5"}],"curies":[{"name":"wp","href":"https:\/\/api.w.org\/{rel}","templated":true}]}}